{"id":50,"date":"2020-03-25T00:37:24","date_gmt":"2020-03-25T00:37:24","guid":{"rendered":"https:\/\/www.thewordbender.com\/hr\/?page_id=50"},"modified":"2020-04-02T13:49:11","modified_gmt":"2020-04-02T13:49:11","slug":"kontakt","status":"publish","type":"page","link":"https:\/\/www.thewordbender.com\/hr\/kontakt\/","title":{"rendered":"Kontakt"},"content":{"rendered":"\n<p style=\"font-size:18px\" class=\"has-text-align-center\">Ako vas zanima besplatna ponuda ili \u017eelite doznati vi\u0161e o na\u0161im uslugama,<\/p>\n\n\n\n<p style=\"font-size:18px\" class=\"has-text-align-center\">pi\u0161ite nam na e-adresu<\/p>\n\n\n\n<p style=\"font-size:18px\" class=\"has-text-align-center\"><strong>info<\/strong><em>[at]<\/em><strong>thewordbender.com<\/strong><\/p>\n\n\n\n<p style=\"font-size:18px\" class=\"has-text-align-center\">nazovite nas na broj<\/p>\n\n\n\n<p style=\"font-size:18px\" class=\"has-text-align-center\"><strong>+385 91 9568541<\/strong><\/p>\n\n\n\n<p style=\"font-size:18px\" class=\"has-text-align-center\">posjetite nas ili nam po\u0161aljite pismo na adresu<\/p>\n\n\n\n<p style=\"font-size:18px\" class=\"has-text-align-center\"><strong>The Wordbender, vl. Tanja Juri\u0161i\u0107, Jankomir 2a, 10090 Zagreb<\/strong><\/p>\n\n\n\n<div style=\"height:50px\" aria-hidden=\"true\" class=\"wp-block-spacer\"><\/div>\n\n\n\n<p style=\"color:#03c4a1\" class=\"has-text-color has-text-align-center has-medium-font-size\"><em>Veselimo se va\u0161em javljanju!<\/em><\/p>\n\n\n\n<div style=\"height:100px\" aria-hidden=\"true\" class=\"wp-block-spacer\"><\/div>\n\n\n\n<p style=\"font-size:18px\" class=\"has-text-align-center\"><strong>Obavijest o privatnosti<\/strong><\/p>\n\n\n\n<p class=\"has-text-align-center has-normal-font-size\">Napominjemo da slanjem poruke i narud\u017ebe pristajete na obradu svojih osobnih podataka, koji mogu uklju\u010divati osjetljive podatke. Va\u0161e \u0107emo podatke rabiti isklju\u010divo u svrhu obrade va\u0161e narud\u017ebe i \u010duvati unutar Europske unije tijekom trajanja poslovnog odnosa izme\u0111u vas i obrta The Wordbender, vl. Tanja Juri\u0161i\u0107, a mogu\u0107e i dulje u slu\u010daju zakonskih obveza (npr. arhiva ra\u010duna). Nakon toga, va\u0161e \u0107emo podatke uni\u0161titi, u\u010diniti anonimnima ili vam ih vratiti. Prema \u010dlancima 15. \u2013 19. Op\u0107e uredbe o za\u0161titi osobnih podataka (GDPR) imate pravo pristupiti svojim podatcima ili zatra\u017eiti da se va\u0161i podatci isprave, izbri\u0161u, da se ograni\u010di njihova obrada ili da se prenesu. Imate pravo i ulo\u017eiti prigovor na obradu svojih podataka i na njihovu uporabu u svrhu izrade profila i automatizirano dono\u0161enje odluka Agenciji za za\u0161titu podataka; napominjemo da se ne slu\u017eimo automatiziranim sustavima za dono\u0161enje odluka ili izradu profila. Naposljetku, imate pravo povu\u0107i svoju privolu za obradu podataka. Svako od ovih prava mo\u017eete ostvariti slanjem poruke na gore navedenu e-adresu.<\/p>\n\n\n\n<div style=\"height:100px\" aria-hidden=\"true\" class=\"wp-block-spacer\"><\/div>\n","protected":false},"excerpt":{"rendered":"<p>Ako vas zanima besplatna ponuda ili \u017eelite doznati vi\u0161e o na\u0161im uslugama, pi\u0161ite nam na e-adresu info[at]thewordbender.com nazovite nas na broj +385 91 9568541 posjetite nas ili nam po\u0161aljite pismo na adresu The Wordbender, vl. Tanja Juri\u0161i\u0107, Jankomir 2a, 10090 Zagreb Veselimo se va\u0161em javljanju! Obavijest o privatnosti Napominjemo da slanjem poruke i narud\u017ebe pristajete [&hellip;]<\/p>\n","protected":false},"author":1,"featured_media":0,"parent":0,"menu_order":0,"comment_status":"closed","ping_status":"closed","template":"","meta":{"_uag_custom_page_level_css":"","site-sidebar-layout":"default","site-content-layout":"default","ast-site-content-layout":"","site-content-style":"default","site-sidebar-style":"default","ast-global-header-display":"","ast-banner-title-visibility":"","ast-main-header-display":"","ast-hfb-above-header-display":"","ast-hfb-below-header-display":"","ast-hfb-mobile-header-display":"","site-post-title":"disabled","ast-breadcrumbs-content":"","ast-featured-img":"","footer-sml-layout":"","theme-transparent-header-meta":"default","adv-header-id-meta":"","stick-header-meta":"","header-above-stick-meta":"","header-main-stick-meta":"","header-below-stick-meta":"","astra-migrate-meta-layouts":"default","ast-page-background-enabled":"default","ast-page-background-meta":{"desktop":{"background-color":"","background-image":"","background-repeat":"repeat","background-position":"center center","background-size":"auto","background-attachment":"scroll","background-type":"","background-media":"","overlay-type":"","overlay-color":"","overlay-opacity":"","overlay-gradient":""},"tablet":{"background-color":"","background-image":"","background-repeat":"repeat","background-position":"center center","background-size":"auto","background-attachment":"scroll","background-type":"","background-media":"","overlay-type":"","overlay-color":"","overlay-opacity":"","overlay-gradient":""},"mobile":{"background-color":"","background-image":"","background-repeat":"repeat","background-position":"center center","background-size":"auto","background-attachment":"scroll","background-type":"","background-media":"","overlay-type":"","overlay-color":"","overlay-opacity":"","overlay-gradient":""}},"ast-content-background-meta":{"desktop":{"background-color":"var(--ast-global-color-5)","background-image":"","background-repeat":"repeat","background-position":"center center","background-size":"auto","background-attachment":"scroll","background-type":"","background-media":"","overlay-type":"","overlay-color":"","overlay-opacity":"","overlay-gradient":""},"tablet":{"background-color":"var(--ast-global-color-5)","background-image":"","background-repeat":"repeat","background-position":"center center","background-size":"auto","background-attachment":"scroll","background-type":"","background-media":"","overlay-type":"","overlay-color":"","overlay-opacity":"","overlay-gradient":""},"mobile":{"background-color":"var(--ast-global-color-5)","background-image":"","background-repeat":"repeat","background-position":"center center","background-size":"auto","background-attachment":"scroll","background-type":"","background-media":"","overlay-type":"","overlay-color":"","overlay-opacity":"","overlay-gradient":""}},"footnotes":""},"class_list":["post-50","page","type-page","status-publish","hentry"],"uagb_featured_image_src":{"full":false,"thumbnail":false,"medium":false,"medium_large":false,"large":false,"1536x1536":false,"2048x2048":false},"uagb_author_info":{"display_name":"admin","author_link":"https:\/\/www.thewordbender.com\/hr\/author\/admin\/"},"uagb_comment_info":0,"uagb_excerpt":"Ako vas zanima besplatna ponuda ili \u017eelite doznati vi\u0161e o na\u0161im uslugama, pi\u0161ite nam na e-adresu info[at]thewordbender.com nazovite nas na broj +385 91 9568541 posjetite nas ili nam po\u0161aljite pismo na adresu The Wordbender, vl. Tanja Juri\u0161i\u0107, Jankomir 2a, 10090 Zagreb Veselimo se va\u0161em javljanju! Obavijest o privatnosti Napominjemo da slanjem poruke i narud\u017ebe pristajete&hellip;","jetpack_sharing_enabled":true,"_links":{"self":[{"href":"https:\/\/www.thewordbender.com\/hr\/wp-json\/wp\/v2\/pages\/50"}],"collection":[{"href":"https:\/\/www.thewordbender.com\/hr\/wp-json\/wp\/v2\/pages"}],"about":[{"href":"https:\/\/www.thewordbender.com\/hr\/wp-json\/wp\/v2\/types\/page"}],"author":[{"embeddable":true,"href":"https:\/\/www.thewordbender.com\/hr\/wp-json\/wp\/v2\/users\/1"}],"replies":[{"embeddable":true,"href":"https:\/\/www.thewordbender.com\/hr\/wp-json\/wp\/v2\/comments?post=50"}],"version-history":[{"count":14,"href":"https:\/\/www.thewordbender.com\/hr\/wp-json\/wp\/v2\/pages\/50\/revisions"}],"predecessor-version":[{"id":160,"href":"https:\/\/www.thewordbender.com\/hr\/wp-json\/wp\/v2\/pages\/50\/revisions\/160"}],"wp:attachment":[{"href":"https:\/\/www.thewordbender.com\/hr\/wp-json\/wp\/v2\/media?parent=50"}],"curies":[{"name":"wp","href":"https:\/\/api.w.org\/{rel}","templated":true}]}}